{"id":30496,"date":"2017-10-25T11:37:37","date_gmt":"2017-10-25T09:37:37","guid":{"rendered":"https:\/\/www.mesnard-catteau.com\/nos-valeurs\/"},"modified":"2018-03-13T10:17:48","modified_gmt":"2018-03-13T09:17:48","slug":"nuestros-valores","status":"publish","type":"page","link":"https:\/\/www.mesnard-catteau.com\/es\/nuestros-valores\/","title":{"rendered":"Nuestros valores"},"content":{"rendered":"<p>[et_pb_section bb_built=&#8221;1&#8243; background_color=&#8221;#ffffff&#8221; module_id=&#8221;dotover&#8221; custom_padding_last_edited=&#8221;on|desktop&#8221; _builder_version=&#8221;3.0.90&#8243; background_image=&#8221;https:\/\/www.mesnard-catteau.com\/wp-content\/uploads\/2017\/12\/Service-client-satisfaction.jpg&#8221; custom_padding_tablet=&#8221;50px|0|50px|0&#8243; custom_css_after=&#8221;content: %22%22;||background: url(&#8216;https:\/\/www.infiniteimagination.com.au\/business\/wp-content\/uploads\/2016\/09\/texture.png&#8217;) repeat;||top: 0;||left: 0;||bottom: 0;||right: 0;||position: absolute;||z-index: 1;||&#8221; collapsed=&#8221;off&#8221; next_background_color=&#8221;#000000&#8243;][et_pb_row admin_label=&#8221;Row&#8221; custom_padding=&#8221;7%||4%|&#8221; padding_mobile=&#8221;off&#8221; column_padding_mobile=&#8221;on&#8221; parallax_method_1=&#8221;off&#8221; _builder_version=&#8221;3.0.47&#8243; background_size=&#8221;initial&#8221; background_position=&#8221;top_left&#8221; background_repeat=&#8221;repeat&#8221;][et_pb_column type=&#8221;4_4&#8243;][et_pb_cta admin_label=&#8221;Nuestros valores&#8221; use_background_color=&#8221;off&#8221; module_id=&#8221;toptext&#8221; _builder_version=&#8221;3.0.92&#8243; header_font=&#8221;Open Sans|||on|&#8221; header_font_size=&#8221;50&#8243; header_font_size_tablet=&#8221;40&#8243; header_font_size_phone=&#8221;30&#8243; header_font_size_last_edited=&#8221;on|desktop&#8221; header_text_color=&#8221;#ffffff&#8221; header_line_height=&#8221;1.4em&#8221; body_font=&#8221;Open Sans||||&#8221; body_font_size=&#8221;18&#8243; body_text_color=&#8221;#ffffff&#8221; body_line_height=&#8221;1.5em&#8221; background_size=&#8221;initial&#8221; background_position=&#8221;top_left&#8221; background_repeat=&#8221;repeat&#8221; custom_css_main_element=&#8221;position: relative; z-index: 10;&#8221; custom_css_promo_title=&#8221;font-weight:800;&#8221; url_new_window=&#8221;off&#8221; background_layout=&#8221;dark&#8221; custom_button=&#8221;off&#8221; button_icon_placement=&#8221;right&#8221;]<\/p>\n<h2>Nuestros <span style=\"color: #c9d0db;\">valores<\/span><\/h2>\n<p>[\/et_pb_cta][\/et_pb_column][\/et_pb_row][\/et_pb_section][et_pb_section bb_built=&#8221;1&#8243; _builder_version=&#8221;3.0.47&#8243; transparent_background=&#8221;off&#8221; collapsed=&#8221;off&#8221; prev_background_color=&#8221;#ffffff&#8221; next_background_color=&#8221;#5f7488&#8243;][et_pb_row admin_label=&#8221;Row&#8221; padding_mobile=&#8221;off&#8221; column_padding_mobile=&#8221;on&#8221; parallax_method_1=&#8221;off&#8221; parallax_method_2=&#8221;off&#8221; parallax_method_3=&#8221;off&#8221; _builder_version=&#8221;3.0.47&#8243; background_size=&#8221;initial&#8221; background_position=&#8221;top_left&#8221; background_repeat=&#8221;repeat&#8221;][et_pb_column type=&#8221;1_3&#8243;][et_pb_cta admin_label=&#8221;Nos valeurs&#8221; button_url=&#8221;https:\/\/www.mesnard-catteau.com\/es&#8221; button_text=&#8221;Volver&#8221; use_background_color=&#8221;off&#8221; background_layout=&#8221;light&#8221; _builder_version=&#8221;3.0.89&#8243; header_font=&#8221;Open Sans|||on|&#8221; header_font_size=&#8221;38&#8243; header_font_size_tablet=&#8221;36&#8243; header_font_size_phone=&#8221;30&#8243; header_font_size_last_edited=&#8221;on|desktop&#8221; header_text_color=&#8221;#494949&#8243; header_line_height=&#8221;1.4em&#8221; body_font=&#8221;Open Sans||||&#8221; body_font_size=&#8221;16&#8243; body_text_color=&#8221;#666666&#8243; body_line_height=&#8221;1.5em&#8221; text_orientation=&#8221;left&#8221; custom_margin=&#8221;||0px|&#8221; custom_padding=&#8221;||0px|&#8221; custom_button=&#8221;on&#8221; button_text_size=&#8221;17&#8243; button_text_color=&#8221;#c9d0db&#8221; button_bg_color=&#8221;#2b2c2a&#8221; button_border_color=&#8221;#2b2c2a&#8221; button_border_radius=&#8221;0&#8243; button_letter_spacing=&#8221;2&#8243; button_font=&#8221;Oswald|||on|&#8221; button_icon=&#8221;%%24%%&#8221; button_text_color_hover=&#8221;#2b2c2a&#8221; button_bg_color_hover=&#8221;rgba(0,0,0,0)&#8221; button_border_color_hover=&#8221;#2b2c2a&#8221; button_border_radius_hover=&#8221;0&#8243; button_letter_spacing_hover=&#8221;2&#8243; custom_css_promo_title=&#8221;font-weight:800;&#8221; url_new_window=&#8221;off&#8221; button_icon_placement=&#8221;right&#8221;]<\/p>\n<h2>Nuestros <span style=\"color: #5f7488;\">valores<\/span><\/h2>\n<p>Hemos estado comprometidos con nuestros valores sociales, ambientales y con el trabajo bien hecho, en el respeto a nuestros empleados y socios, durante m\u00e1s de 70 a\u00f1os.<\/p>\n<p>[\/et_pb_cta][\/et_pb_column][et_pb_column type=&#8221;1_3&#8243;][et_pb_blurb admin_label=&#8221;La satisfacci\u00f3n del cliente&#8221; title=&#8221;La satisfacci\u00f3n del cliente&#8221; use_icon=&#8221;on&#8221; font_icon=&#8221;%%49%%&#8221; icon_color=&#8221;#5f7488&#8243; icon_placement=&#8221;left&#8221; use_icon_font_size=&#8221;on&#8221; icon_font_size_last_edited=&#8221;on|desktop&#8221; icon_font_size=&#8221;22&#8243; _builder_version=&#8221;3.0.106&#8243; header_font=&#8221;Open Sans|||on|&#8221; header_font_size=&#8221;20&#8243; header_text_color=&#8221;#5f7488&#8243; header_line_height=&#8221;1.2em&#8221; body_font=&#8221;Open Sans||||&#8221; body_text_color=&#8221;#666666&#8243; body_line_height=&#8221;1.5em&#8221; background_size=&#8221;initial&#8221; background_position=&#8221;top_left&#8221; background_repeat=&#8221;repeat&#8221; custom_css_blurb_title=&#8221;font-weight:800;||border-style: solid;||border-color: #aeafaf;||border-left-width: 1px;||padding: 0px 0px 0px 8px;||margin-left: -10px;&#8221; url_new_window=&#8221;off&#8221; use_circle=&#8221;off&#8221; use_circle_border=&#8221;off&#8221; background_layout=&#8221;light&#8221;]<\/p>\n<p>Con m\u00e1s de 70 a\u00f1os al servicio de nuestros clientes, no estar\u00edamos aqu\u00ed sin haber podido satisfacerlos y responder de manera efectiva a sus expectativas.<\/p>\n<p>[\/et_pb_blurb][et_pb_blurb admin_label=&#8221;Respect de l&#8217;environnement&#8221; title=&#8221;Respeto al medio ambiente&#8221; use_icon=&#8221;on&#8221; font_icon=&#8221;%%49%%&#8221; icon_color=&#8221;#5f7488&#8243; icon_placement=&#8221;left&#8221; use_icon_font_size=&#8221;on&#8221; icon_font_size_last_edited=&#8221;on|desktop&#8221; icon_font_size=&#8221;22&#8243; _builder_version=&#8221;3.0.89&#8243; header_font=&#8221;Open Sans|||on|&#8221; header_font_size=&#8221;20&#8243; header_text_color=&#8221;#5f7488&#8243; header_line_height=&#8221;1.2em&#8221; body_font=&#8221;Open Sans||||&#8221; body_text_color=&#8221;#666666&#8243; body_line_height=&#8221;1.5em&#8221; background_size=&#8221;initial&#8221; background_position=&#8221;top_left&#8221; background_repeat=&#8221;repeat&#8221; custom_css_blurb_title=&#8221;font-weight:800;||border-style: solid;||border-color: #aeafaf;||border-left-width: 1px;||padding: 0px 0px 0px 8px;||margin-left: -10px;&#8221; url_new_window=&#8221;off&#8221; use_circle=&#8221;off&#8221; use_circle_border=&#8221;off&#8221; background_layout=&#8221;light&#8221;]<\/p>\n<p>Hemos realizado acciones concretas para respetar nuestro medio ambiente: invirtiendo en soluciones para el reciclaje de la producci\u00f3n nuestros retales, el tratamiento de aguas residuales y aplicando una pol\u00edtica de RSC (Responsabilidad Social Corporativa).<\/p>\n<p>[\/et_pb_blurb][et_pb_blurb admin_label=&#8221;Responsabilidad social&#8221; title=&#8221;Responsabilidad social&#8221; use_icon=&#8221;on&#8221; font_icon=&#8221;%%49%%&#8221; icon_color=&#8221;#5f7488&#8243; icon_placement=&#8221;left&#8221; use_icon_font_size=&#8221;on&#8221; icon_font_size_last_edited=&#8221;on|desktop&#8221; icon_font_size=&#8221;22&#8243; _builder_version=&#8221;3.0.89&#8243; header_font=&#8221;Open Sans|||on|&#8221; header_font_size=&#8221;20&#8243; header_text_color=&#8221;#5f7488&#8243; header_line_height=&#8221;1.2em&#8221; body_font=&#8221;Open Sans||||&#8221; body_text_color=&#8221;#666666&#8243; body_line_height=&#8221;1.5em&#8221; background_size=&#8221;initial&#8221; background_position=&#8221;top_left&#8221; background_repeat=&#8221;repeat&#8221; custom_css_blurb_title=&#8221;font-weight:800;||border-style: solid;||border-color: #aeafaf;||border-left-width: 1px;||padding: 0px 0px 0px 8px;||margin-left: -10px;&#8221; url_new_window=&#8221;off&#8221; use_circle=&#8221;off&#8221; use_circle_border=&#8221;off&#8221; background_layout=&#8221;light&#8221;]<\/p>\n<p>Estamos orgullosos de tener una actividad industrial en Francia con nuestros empleados, que se traduce en una baja rotaci\u00f3n de nuestros equipos.<\/p>\n<p>[\/et_pb_blurb][\/et_pb_column][et_pb_column type=&#8221;1_3&#8243;][et_pb_blurb admin_label=&#8221;Reactividad&#8221; title=&#8221;Reactividad&#8221; use_icon=&#8221;on&#8221; font_icon=&#8221;%%49%%&#8221; icon_color=&#8221;#5f7488&#8243; icon_placement=&#8221;left&#8221; use_icon_font_size=&#8221;on&#8221; icon_font_size_last_edited=&#8221;on|desktop&#8221; icon_font_size=&#8221;22&#8243; _builder_version=&#8221;3.0.84&#8243; header_font=&#8221;Open Sans|||on|&#8221; header_font_size=&#8221;20&#8243; header_text_color=&#8221;#5f7488&#8243; header_line_height=&#8221;1.2em&#8221; body_font=&#8221;Open Sans||||&#8221; body_text_color=&#8221;#666666&#8243; body_line_height=&#8221;1.5em&#8221; background_size=&#8221;initial&#8221; background_position=&#8221;top_left&#8221; background_repeat=&#8221;repeat&#8221; custom_css_blurb_title=&#8221;font-weight:800;||border-style: solid;||border-color: #aeafaf;||border-left-width: 1px;||padding: 0px 0px 0px 8px;||margin-left: -10px;&#8221;]<\/p>\n<p>Nuestros equipos din\u00e1micos y motivados siempre estar\u00e1n prestos para avanzar en sus proyectos.<\/p>\n<p>[\/et_pb_blurb][et_pb_blurb admin_label=&#8221;Innovaci\u00f3n&#8221; title=&#8221;Innovaci\u00f3n&#8221; use_icon=&#8221;on&#8221; font_icon=&#8221;%%49%%&#8221; icon_color=&#8221;#5f7488&#8243; icon_placement=&#8221;left&#8221; use_icon_font_size=&#8221;on&#8221; icon_font_size_last_edited=&#8221;on|desktop&#8221; icon_font_size=&#8221;22&#8243; _builder_version=&#8221;3.0.89&#8243; header_font=&#8221;Open Sans|||on|&#8221; header_font_size=&#8221;20&#8243; header_text_color=&#8221;#5f7488&#8243; header_line_height=&#8221;1.2em&#8221; body_font=&#8221;Open Sans||||&#8221; body_text_color=&#8221;#666666&#8243; body_line_height=&#8221;1.5em&#8221; background_size=&#8221;initial&#8221; background_position=&#8221;top_left&#8221; background_repeat=&#8221;repeat&#8221; custom_css_blurb_title=&#8221;font-weight:800;||border-style: solid;||border-color: #aeafaf;||border-left-width: 1px;||padding: 0px 0px 0px 8px;||margin-left: -10px;&#8221; url_new_window=&#8221;off&#8221; use_circle=&#8221;off&#8221; use_circle_border=&#8221;off&#8221; background_layout=&#8221;light&#8221;]<\/p>\n<p>Sus nuevas necesidades nos permiten mostrar toda nuestra experiencia mediante el desarrollo de propuestas innovadoras.<\/p>\n<p>[\/et_pb_blurb][et_pb_blurb admin_label=&#8221;Ind\u00e9pendance&#8221; title=&#8221;Independencia&#8221; use_icon=&#8221;on&#8221; font_icon=&#8221;%%49%%&#8221; icon_color=&#8221;#5f7488&#8243; icon_placement=&#8221;left&#8221; use_icon_font_size=&#8221;on&#8221; icon_font_size_last_edited=&#8221;on|desktop&#8221; icon_font_size=&#8221;22&#8243; _builder_version=&#8221;3.0.85&#8243; header_font=&#8221;Open Sans|||on|&#8221; header_font_size=&#8221;20&#8243; header_text_color=&#8221;#5f7488&#8243; header_line_height=&#8221;1.2em&#8221; body_font=&#8221;Open Sans||||&#8221; body_text_color=&#8221;#666666&#8243; body_line_height=&#8221;1.5em&#8221; background_size=&#8221;initial&#8221; background_position=&#8221;top_left&#8221; background_repeat=&#8221;repeat&#8221; custom_css_blurb_title=&#8221;font-weight:800;||border-style: solid;||border-color: #aeafaf;||border-left-width: 1px;||padding: 0px 0px 0px 8px;||margin-left: -10px;&#8221;]<\/p>\n<p>Dado que nuestro capital a\u00fan est\u00e1 en manos de la familia del fundador, esta independencia nos permite desarrollar productos espec\u00edficos e innovaciones espec\u00edficas con todos los actores en nuestros diferentes mercados.<\/p>\n<p>[\/et_pb_blurb][\/et_pb_column][\/et_pb_row][\/et_pb_section][et_pb_section bb_built=&#8221;1&#8243; specialty=&#8221;on&#8221; parallax_method_1=&#8221;off&#8221; parallax_method_2=&#8221;off&#8221; custom_padding_last_edited=&#8221;on|desktop&#8221; _builder_version=&#8221;3.0.92&#8243; custom_padding_tablet=&#8221;50px|0|50px|0&#8243; collapsed=&#8221;off&#8221; background_color=&#8221;#5f7488&#8243; prev_background_color=&#8221;#ffffff&#8221; global_module=&#8221;30474&#8243;][et_pb_column type=&#8221;1_3&#8243;][et_pb_text admin_label=&#8221;S\u00edganos!&#8221; global_parent=&#8221;30474&#8243; background_layout=&#8221;dark&#8221; _builder_version=&#8221;3.0.92&#8243; text_font=&#8221;Oswald|||on|&#8221; text_font_size=&#8221;16&#8243; text_text_color=&#8221;#ffffff&#8221; text_letter_spacing=&#8221;2px&#8221; background_size=&#8221;initial&#8221; background_position=&#8221;top_left&#8221; background_repeat=&#8221;repeat&#8221;]<\/p>\n<p>S\u00edganos!<\/p>\n<p>[\/et_pb_text][et_pb_social_media_follow admin_label=&#8221;Social Media Follow&#8221; global_parent=&#8221;30474&#8243; link_shape=&#8221;circle&#8221; background_layout=&#8221;dark&#8221; follow_button=&#8221;on&#8221; module_id=&#8221;toptext&#8221; _builder_version=&#8221;3.0.47&#8243; custom_css_main_element=&#8221;margin: 1% auto;&#8221; border_radii=&#8221;on|100%|100%|100%|100%&#8221;][et_pb_social_media_follow_network social_network=&#8221;linkedin&#8221; url=&#8221;https:\/\/nz.linkedin.com\/company\/mesnard-catteau&#8221; _builder_version=&#8221;3.0.47&#8243; background_color=&#8221;#007bb6&#8243; bg_color=&#8221;#007bb6&#8243; link_shape=&#8221;circle&#8221; follow_button=&#8221;on&#8221; url_new_window=&#8221;on&#8221;] LinkedIn [\/et_pb_social_media_follow_network][\/et_pb_social_media_follow][et_pb_image global_parent=&#8221;30474&#8243; src=&#8221;https:\/\/www.mesnard-catteau.com\/wp-content\/uploads\/2017\/12\/Afaq_9001_Footer.png&#8221; _builder_version=&#8221;3.0.90&#8243; show_in_lightbox=&#8221;off&#8221; url=&#8221;https:\/\/www.mesnard-catteau.com\/es\/calidad-y-certificacion\/&#8221; url_new_window=&#8221;off&#8221; use_overlay=&#8221;off&#8221; align=&#8221;left&#8221; always_center_on_mobile=&#8221;on&#8221; force_fullwidth=&#8221;off&#8221; show_bottom_space=&#8221;on&#8221; \/][\/et_pb_column][et_pb_column type=&#8221;2_3&#8243; specialty_columns=&#8221;2&#8243;][et_pb_row_inner admin_label=&#8221;Row&#8221; global_parent=&#8221;30474&#8243; custom_padding=&#8221;||0px|&#8221; custom_padding_tablet=&#8221;||10px|&#8221; padding_mobile=&#8221;on&#8221; column_padding_mobile=&#8221;on&#8221; parallax_method_1=&#8221;off&#8221; custom_padding_last_edited=&#8221;on|desktop&#8221; _builder_version=&#8221;3.0.47&#8243;][et_pb_column_inner type=&#8221;4_4&#8243; saved_specialty_column_type=&#8221;2_3&#8243;][et_pb_text admin_label=&#8221;Text&#8221; global_parent=&#8221;30474&#8243; background_layout=&#8221;dark&#8221; _builder_version=&#8221;3.0.92&#8243; text_font=&#8221;Oswald|||on|&#8221; text_font_size=&#8221;16&#8243; text_text_color=&#8221;#ffffff&#8221; text_letter_spacing=&#8221;2px&#8221; background_size=&#8221;initial&#8221; background_position=&#8221;top_left&#8221; background_repeat=&#8221;repeat&#8221;]<\/p>\n<p><a href=\"https:\/\/www.mesnard-catteau.com\/es\"><span style=\"color: #ffffff;\">Inicio<\/span><\/a><span style=\"color: #ffffff;\"> \u00a0 \u00a0 <a href=\"https:\/\/www.mesnard-catteau.com\/es\/nuestros-productos\/\"><span style=\"color: #ffffff;\">Nuestros productos<\/span><\/a> \u00a0 \u00a0 <a href=\"https:\/\/www.mesnard-catteau.com\/es\/nuestros-mercados\/\"><span style=\"color: #ffffff;\">Nuestros mercados<\/span><\/a> \u00a0 \u00a0 <a href=\"https:\/\/www.mesnard-catteau.com\/es\/calidad-y-certificacion\/\"><span style=\"color: #ffffff;\">Calidad y certificaci\u00f3n<\/span><\/a> \u00a0 \u00a0 <a href=\"https:\/\/www.mesnard-catteau.com\/es\/contactenos\/\"><span style=\"color: #ffffff;\">Cont\u00e1ctenos<\/span><\/a><\/span><\/p>\n<p>[\/et_pb_text][\/et_pb_column_inner][\/et_pb_row_inner][et_pb_row_inner admin_label=&#8221;Row&#8221; global_parent=&#8221;30474&#8243; padding_mobile=&#8221;off&#8221; column_padding_mobile=&#8221;on&#8221; parallax_method_1=&#8221;off&#8221; parallax_method_2=&#8221;off&#8221; _builder_version=&#8221;3.0.47&#8243;][et_pb_column_inner type=&#8221;1_2&#8243; saved_specialty_column_type=&#8221;2_3&#8243;][et_pb_blurb admin_label=&#8221;Adresse&#8221; global_parent=&#8221;30474&#8243; url=&#8221;\/es\/contactenos&#8221; use_icon=&#8221;on&#8221; font_icon=&#8221;%%122%%&#8221; icon_color=&#8221;#c9d0dc&#8221; icon_placement=&#8221;left&#8221; background_layout=&#8221;dark&#8221; use_icon_font_size=&#8221;on&#8221; icon_font_size=&#8221;18&#8243; _builder_version=&#8221;3.0.92&#8243; body_font=&#8221;Open Sans||||&#8221; body_font_size=&#8221;16&#8243; body_text_color=&#8221;#ffffff&#8221; body_line_height=&#8221;1.5em&#8221; background_size=&#8221;initial&#8221; background_position=&#8221;top_left&#8221; background_repeat=&#8221;repeat&#8221; url_new_window=&#8221;off&#8221; use_circle=&#8221;off&#8221; use_circle_border=&#8221;off&#8221;]<\/p>\n<p>ZA Les Blottins<br \/>\nLieu-dit La Gare<br \/>\n45340 Saint-Loup-des-Vignes, France<\/p>\n<p>[\/et_pb_blurb][\/et_pb_column_inner][et_pb_column_inner type=&#8221;1_2&#8243; saved_specialty_column_type=&#8221;2_3&#8243;][et_pb_blurb admin_label=&#8221;Mail&#8221; global_parent=&#8221;30474&#8243; url=&#8221;\/es\/contactenos&#8221; use_icon=&#8221;on&#8221; font_icon=&#8221;%%109%%&#8221; icon_color=&#8221;#c9d0dc&#8221; icon_placement=&#8221;left&#8221; background_layout=&#8221;dark&#8221; use_icon_font_size=&#8221;on&#8221; icon_font_size=&#8221;20&#8243; _builder_version=&#8221;3.0.92&#8243; body_font=&#8221;Open Sans||||&#8221; body_font_size=&#8221;16&#8243; body_text_color=&#8221;#ffffff&#8221; body_line_height=&#8221;1.5em&#8221; background_size=&#8221;initial&#8221; background_position=&#8221;top_left&#8221; background_repeat=&#8221;repeat&#8221; custom_margin=&#8221;||0px|&#8221; custom_padding=&#8221;||15px|&#8221; url_new_window=&#8221;off&#8221; use_circle=&#8221;off&#8221; use_circle_border=&#8221;off&#8221;]<\/p>\n<p><a href=\"https:\/\/www.mesnard-catteau.com\/es\/contactenos\/\"><span style=\"color: #ffffff;\">contact@mesnard-catteau.fr<\/span><\/a><\/p>\n<p>[\/et_pb_blurb][et_pb_blurb admin_label=&#8221;T\u00e9l.&#8221; global_parent=&#8221;30474&#8243; url=&#8221;\/es\/contactenos&#8221; use_icon=&#8221;on&#8221; font_icon=&#8221;%%104%%&#8221; icon_color=&#8221;#c9d0dc&#8221; icon_placement=&#8221;left&#8221; background_layout=&#8221;dark&#8221; use_icon_font_size=&#8221;on&#8221; icon_font_size=&#8221;20&#8243; _builder_version=&#8221;3.0.92&#8243; body_font=&#8221;Open Sans||||&#8221; body_font_size=&#8221;16&#8243; body_text_color=&#8221;#ffffff&#8221; body_line_height=&#8221;1.5em&#8221; background_size=&#8221;initial&#8221; background_position=&#8221;top_left&#8221; background_repeat=&#8221;repeat&#8221; url_new_window=&#8221;off&#8221; use_circle=&#8221;off&#8221; use_circle_border=&#8221;off&#8221;]<\/p>\n<p>+33 2 38 34 52 82<\/p>\n<p>[\/et_pb_blurb][\/et_pb_column_inner][\/et_pb_row_inner][\/et_pb_column][\/et_pb_section]<\/p>\n","protected":false},"excerpt":{"rendered":"<p>Nuestros valores Nuestros valores Hemos estado comprometidos con nuestros valores sociales, ambientales y con el trabajo bien hecho, en el respeto a nuestros empleados y socios, durante m\u00e1s de 70 a\u00f1os. Con m\u00e1s de 70 a\u00f1os al servicio de nuestros clientes, no estar\u00edamos aqu\u00ed sin haber podido satisfacerlos y responder de manera efectiva a sus [&hellip;]<\/p>\n","protected":false},"author":1,"featured_media":0,"parent":0,"menu_order":0,"comment_status":"closed","ping_status":"closed","template":"","meta":{"_et_pb_use_builder":"on","_et_pb_old_content":"","_et_gb_content_width":"","_monsterinsights_skip_tracking":false,"_monsterinsights_sitenote_active":false,"_monsterinsights_sitenote_note":"","_monsterinsights_sitenote_category":0,"footnotes":""},"yoast_head":"<!-- This site is optimized with the Yoast SEO plugin v22.2 - https:\/\/yoast.com\/wordpress\/plugins\/seo\/ -->\n<title>Nuestros valores - Mesnard Catteau<\/title>\n<meta name=\"robots\" content=\"index, follow, max-snippet:-1, max-image-preview:large, max-video-preview:-1\" \/>\n<link rel=\"canonical\" href=\"https:\/\/www.mesnard-catteau.com\/es\/nuestros-valores\/\" \/>\n<meta property=\"og:locale\" content=\"es_ES\" \/>\n<meta property=\"og:type\" content=\"article\" \/>\n<meta property=\"og:title\" content=\"Nuestros valores - Mesnard Catteau\" \/>\n<meta property=\"og:description\" content=\"Nuestros valores Nuestros valores Hemos estado comprometidos con nuestros valores sociales, ambientales y con el trabajo bien hecho, en el respeto a nuestros empleados y socios, durante m\u00e1s de 70 a\u00f1os. Con m\u00e1s de 70 a\u00f1os al servicio de nuestros clientes, no estar\u00edamos aqu\u00ed sin haber podido satisfacerlos y responder de manera efectiva a sus [&hellip;]\" \/>\n<meta property=\"og:url\" content=\"https:\/\/www.mesnard-catteau.com\/es\/nuestros-valores\/\" \/>\n<meta property=\"og:site_name\" content=\"Mesnard Catteau\" \/>\n<meta property=\"article:modified_time\" content=\"2018-03-13T09:17:48+00:00\" \/>\n<meta name=\"twitter:card\" content=\"summary_large_image\" \/>\n<meta name=\"twitter:label1\" content=\"Tiempo de lectura\" \/>\n\t<meta name=\"twitter:data1\" content=\"10 minutos\" \/>\n<script type=\"application\/ld+json\" class=\"yoast-schema-graph\">{\"@context\":\"https:\/\/schema.org\",\"@graph\":[{\"@type\":\"WebPage\",\"@id\":\"https:\/\/www.mesnard-catteau.com\/es\/nuestros-valores\/\",\"url\":\"https:\/\/www.mesnard-catteau.com\/es\/nuestros-valores\/\",\"name\":\"Nuestros valores - Mesnard Catteau\",\"isPartOf\":{\"@id\":\"https:\/\/www.mesnard-catteau.com\/#website\"},\"datePublished\":\"2017-10-25T09:37:37+00:00\",\"dateModified\":\"2018-03-13T09:17:48+00:00\",\"breadcrumb\":{\"@id\":\"https:\/\/www.mesnard-catteau.com\/es\/nuestros-valores\/#breadcrumb\"},\"inLanguage\":\"es\",\"potentialAction\":[{\"@type\":\"ReadAction\",\"target\":[\"https:\/\/www.mesnard-catteau.com\/es\/nuestros-valores\/\"]}]},{\"@type\":\"BreadcrumbList\",\"@id\":\"https:\/\/www.mesnard-catteau.com\/es\/nuestros-valores\/#breadcrumb\",\"itemListElement\":[{\"@type\":\"ListItem\",\"position\":1,\"name\":\"Accueil\",\"item\":\"https:\/\/www.mesnard-catteau.com\/es\/propos\/\"},{\"@type\":\"ListItem\",\"position\":2,\"name\":\"Nuestros valores\"}]},{\"@type\":\"WebSite\",\"@id\":\"https:\/\/www.mesnard-catteau.com\/#website\",\"url\":\"https:\/\/www.mesnard-catteau.com\/\",\"name\":\"Mesnard Catteau\",\"description\":\"Needle punch expert\",\"potentialAction\":[{\"@type\":\"SearchAction\",\"target\":{\"@type\":\"EntryPoint\",\"urlTemplate\":\"https:\/\/www.mesnard-catteau.com\/?s={search_term_string}\"},\"query-input\":\"required name=search_term_string\"}],\"inLanguage\":\"es\"}]}<\/script>\n<!-- \/ Yoast SEO plugin. -->","yoast_head_json":{"title":"Nuestros valores - Mesnard Catteau","robots":{"index":"index","follow":"follow","max-snippet":"max-snippet:-1","max-image-preview":"max-image-preview:large","max-video-preview":"max-video-preview:-1"},"canonical":"https:\/\/www.mesnard-catteau.com\/es\/nuestros-valores\/","og_locale":"es_ES","og_type":"article","og_title":"Nuestros valores - Mesnard Catteau","og_description":"Nuestros valores Nuestros valores Hemos estado comprometidos con nuestros valores sociales, ambientales y con el trabajo bien hecho, en el respeto a nuestros empleados y socios, durante m\u00e1s de 70 a\u00f1os. Con m\u00e1s de 70 a\u00f1os al servicio de nuestros clientes, no estar\u00edamos aqu\u00ed sin haber podido satisfacerlos y responder de manera efectiva a sus [&hellip;]","og_url":"https:\/\/www.mesnard-catteau.com\/es\/nuestros-valores\/","og_site_name":"Mesnard Catteau","article_modified_time":"2018-03-13T09:17:48+00:00","twitter_card":"summary_large_image","twitter_misc":{"Tiempo de lectura":"10 minutos"},"schema":{"@context":"https:\/\/schema.org","@graph":[{"@type":"WebPage","@id":"https:\/\/www.mesnard-catteau.com\/es\/nuestros-valores\/","url":"https:\/\/www.mesnard-catteau.com\/es\/nuestros-valores\/","name":"Nuestros valores - Mesnard Catteau","isPartOf":{"@id":"https:\/\/www.mesnard-catteau.com\/#website"},"datePublished":"2017-10-25T09:37:37+00:00","dateModified":"2018-03-13T09:17:48+00:00","breadcrumb":{"@id":"https:\/\/www.mesnard-catteau.com\/es\/nuestros-valores\/#breadcrumb"},"inLanguage":"es","potentialAction":[{"@type":"ReadAction","target":["https:\/\/www.mesnard-catteau.com\/es\/nuestros-valores\/"]}]},{"@type":"BreadcrumbList","@id":"https:\/\/www.mesnard-catteau.com\/es\/nuestros-valores\/#breadcrumb","itemListElement":[{"@type":"ListItem","position":1,"name":"Accueil","item":"https:\/\/www.mesnard-catteau.com\/es\/propos\/"},{"@type":"ListItem","position":2,"name":"Nuestros valores"}]},{"@type":"WebSite","@id":"https:\/\/www.mesnard-catteau.com\/#website","url":"https:\/\/www.mesnard-catteau.com\/","name":"Mesnard Catteau","description":"Needle punch expert","potentialAction":[{"@type":"SearchAction","target":{"@type":"EntryPoint","urlTemplate":"https:\/\/www.mesnard-catteau.com\/?s={search_term_string}"},"query-input":"required name=search_term_string"}],"inLanguage":"es"}]}},"_links":{"self":[{"href":"https:\/\/www.mesnard-catteau.com\/es\/wp-json\/wp\/v2\/pages\/30496\/"}],"collection":[{"href":"https:\/\/www.mesnard-catteau.com\/es\/wp-json\/wp\/v2\/pages\/"}],"about":[{"href":"https:\/\/www.mesnard-catteau.com\/es\/wp-json\/wp\/v2\/types\/page\/"}],"author":[{"embeddable":true,"href":"https:\/\/www.mesnard-catteau.com\/es\/wp-json\/wp\/v2\/users\/1\/"}],"replies":[{"embeddable":true,"href":"https:\/\/www.mesnard-catteau.com\/es\/wp-json\/wp\/v2\/comments\/?post=30496"}],"version-history":[{"count":23,"href":"https:\/\/www.mesnard-catteau.com\/es\/wp-json\/wp\/v2\/pages\/30496\/revisions\/"}],"predecessor-version":[{"id":30799,"href":"https:\/\/www.mesnard-catteau.com\/es\/wp-json\/wp\/v2\/pages\/30496\/revisions\/30799\/"}],"wp:attachment":[{"href":"https:\/\/www.mesnard-catteau.com\/es\/wp-json\/wp\/v2\/media\/?parent=30496"}],"curies":[{"name":"wp","href":"https:\/\/api.w.org\/{rel}","templated":true}]}}